{"id":522,"date":"2026-04-10T15:13:08","date_gmt":"2026-04-10T13:13:08","guid":{"rendered":"https:\/\/ostvital.de\/?page_id=522"},"modified":"2026-04-10T15:36:06","modified_gmt":"2026-04-10T13:36:06","slug":"imprint","status":"publish","type":"page","link":"https:\/\/ostvital.de\/de\/imprint\/","title":{"rendered":"Impressum"},"content":{"rendered":"<p><strong>OstVital UG (haftungsbeschr\u00e4nkt)<\/strong><br>Wurzner Stra\u00dfe 83<br>04315 Leipzig<\/p>\n\n\n\n<p>Handelsregister: HRB 45046<br>Registergericht: Amtsgericht Leipzig<\/p>\n\n\n\n<p><strong>Vertreten durch:<br><\/strong>Cristobal Javier Bozan Aviles<br>Hern\u00e1n Benjamin Soto Torres<\/p>\n\n\n\n<h2 class=\"wp-block-heading\">Kontakt<\/h2>\n\n\n\n<p>E-Mail: <a href=\"mailto:ostvital.physio@gmail.com\">ostvital.physio@gmail.com<\/a><\/p>\n\n\n\n<h2 class=\"wp-block-heading\">Umsatzsteuer-ID<\/h2>\n\n\n\n<p>Umsatzsteuer-Identifikationsnummer gem\u00e4\u00df \u00a7 27 a Umsatzsteuergesetz:<br>232\/115\/01995<\/p>\n\n\n\n<h2 class=\"wp-block-heading\">Redaktionell verantwortlich<\/h2>\n\n\n\n<p>Cristobal Javier Bozan Aviles<br>Hern\u00e1n Benjamin Soto Torres<br>Wurzner Stra\u00dfe 83<br>04315 Leipzig<br>Deutschland<\/p>\n\n\n\n<h2 class=\"wp-block-heading\">Verbraucherstreitbeilegung\/Universalschlichtungsstelle<\/h2>\n\n\n\n<p>Wir sind nicht bereit oder verpflichtet, an Streitbeilegungsverfahren vor einer\nVerbraucherschlichtungsstelle teilzunehmen.<\/p>\n\n\n\n<p><\/p>","protected":false},"excerpt":{"rendered":"<p>OstVital UG (sociedad de responsabilidad limitada)Wurzner Stra\u00dfe 8304315 Leipzig Registro Mercantil: HRB 45046Juzgado de registro: Juzgado de Primera Instancia de Leipzig Representada por:Cristobal Javier Bozan AvilesHern\u00e1n Benjamin Soto Torres Contacto Correo electr\u00f3nico: ostvital.physio@gmail.com N\u00famero de identificaci\u00f3n fiscal N\u00famero de identificaci\u00f3n fiscal seg\u00fan el art\u00edculo 27 a de la Ley del Impuesto sobre el Valor A\u00f1adido:232\/115\/01995&#8230;<\/p>","protected":false},"author":2,"featured_media":0,"parent":0,"menu_order":0,"comment_status":"closed","ping_status":"closed","template":"","meta":{"_kadence_starter_templates_imported_post":false,"_kad_post_transparent":"","_kad_post_title":"","_kad_post_layout":"","_kad_post_sidebar_id":"","_kad_post_content_style":"","_kad_post_vertical_padding":"","_kad_post_feature":"","_kad_post_feature_position":"","_kad_post_header":false,"_kad_post_footer":false,"_joinchat":[],"footnotes":""},"class_list":["post-522","page","type-page","status-publish","hentry"],"_links":{"self":[{"href":"https:\/\/ostvital.de\/de\/wp-json\/wp\/v2\/pages\/522","targetHints":{"allow":["GET"]}}],"collection":[{"href":"https:\/\/ostvital.de\/de\/wp-json\/wp\/v2\/pages"}],"about":[{"href":"https:\/\/ostvital.de\/de\/wp-json\/wp\/v2\/types\/page"}],"author":[{"embeddable":true,"href":"https:\/\/ostvital.de\/de\/wp-json\/wp\/v2\/users\/2"}],"replies":[{"embeddable":true,"href":"https:\/\/ostvital.de\/de\/wp-json\/wp\/v2\/comments?post=522"}],"version-history":[{"count":2,"href":"https:\/\/ostvital.de\/de\/wp-json\/wp\/v2\/pages\/522\/revisions"}],"predecessor-version":[{"id":525,"href":"https:\/\/ostvital.de\/de\/wp-json\/wp\/v2\/pages\/522\/revisions\/525"}],"wp:attachment":[{"href":"https:\/\/ostvital.de\/de\/wp-json\/wp\/v2\/media?parent=522"}],"curies":[{"name":"wp","href":"https:\/\/api.w.org\/{rel}","templated":true}]}}