{"id":218,"date":"2025-08-13T09:10:11","date_gmt":"2025-08-13T07:10:11","guid":{"rendered":"https:\/\/ostvital.de\/?page_id=218"},"modified":"2025-08-13T11:56:45","modified_gmt":"2025-08-13T09:56:45","slug":"lo-que-nos-hace-diferentes","status":"publish","type":"page","link":"https:\/\/ostvital.de\/de\/lo-que-nos-hace-diferentes\/","title":{"rendered":"Was uns unterscheidet"},"content":{"rendered":"<div data-elementor-type=\"wp-page\" data-elementor-id=\"218\" class=\"elementor elementor-218\">\n\t\t\t\t<div class=\"elementor-element elementor-element-9e274ec e-flex e-con-boxed e-con e-parent\" data-id=\"9e274ec\" data-element_type=\"container\">\n\t\t\t\t\t<div class=\"e-con-inner\">\n\t\t\t\t<div class=\"elementor-element elementor-element-5a2d334 elementor-widget elementor-widget-heading\" data-id=\"5a2d334\" data-element_type=\"widget\" data-widget_type=\"heading.default\">\n\t\t\t\t\t<h2 class=\"elementor-heading-title elementor-size-default\">Was uns unterscheidet <\/h2>\t\t\t\t<\/div>\n\t\t\t\t\t<\/div>\n\t\t\t\t<\/div>\n\t\t<div class=\"elementor-element elementor-element-daf0529 e-flex e-con-boxed e-con e-parent\" data-id=\"daf0529\" data-element_type=\"container\">\n\t\t\t\t\t<div class=\"e-con-inner\">\n\t\t<div class=\"elementor-element elementor-element-f49cf39 e-con-full e-flex e-con e-child\" data-id=\"f49cf39\" data-element_type=\"container\">\n\t\t\t\t<div class=\"elementor-element elementor-element-dc1458d elementor-widget__width-initial elementor-widget elementor-widget-text-editor\" data-id=\"dc1458d\" data-element_type=\"widget\" data-widget_type=\"text-editor.default\">\n\t\t\t\t\t\t\t\t\t<p><strong data-start=\"133\" data-end=\"156\">1. Ganzheitlicher Ansatz<\/strong><\/p><p style=\"text-align: justify;\">Bei OstVital sind wir \u00fcberzeugt, dass Gesundheit ganzheitlich aufgebaut wird. Deshalb kombinieren wir Physiotherapie-Behandlungen mit k\u00f6rperlichen und freizeitbezogenen Aktivit\u00e4ten, um eine umfassende Betreuung zu gew\u00e4hrleisten, die nicht nur Beschwerden lindert, sondern auch Kraft, Beweglichkeit und allgemeines Wohlbefinden verbessert. Unser ganzheitlicher Ansatz stellt sicher, dass jeder Patient die bestm\u00f6gliche Betreuung erh\u00e4lt, um seine Lebensqualit\u00e4t wiederzuerlangen.<\/p>\t\t\t\t\t\t\t\t<\/div>\n\t\t\t\t<\/div>\n\t\t<div class=\"elementor-element elementor-element-e5c6215 e-con-full e-flex e-con e-child\" data-id=\"e5c6215\" data-element_type=\"container\">\n\t\t\t\t<div class=\"elementor-element elementor-element-6811a3b elementor-widget elementor-widget-image\" data-id=\"6811a3b\" data-element_type=\"widget\" data-widget_type=\"image.default\">\n\t\t\t\t\t\t\t\t\t\t\t\t\t\t\t<img fetchpriority=\"high\" decoding=\"async\" width=\"1024\" height=\"683\" src=\"https:\/\/ostvital.de\/wp-content\/uploads\/2025\/08\/Physiotherapie-Ubung-in-heller-Praxis-1024x683.png\" class=\"attachment-large size-large wp-image-225\" alt=\"\" srcset=\"https:\/\/ostvital.de\/wp-content\/uploads\/2025\/08\/Physiotherapie-Ubung-in-heller-Praxis-1024x683.png 1024w, https:\/\/ostvital.de\/wp-content\/uploads\/2025\/08\/Physiotherapie-Ubung-in-heller-Praxis-300x200.png 300w, https:\/\/ostvital.de\/wp-content\/uploads\/2025\/08\/Physiotherapie-Ubung-in-heller-Praxis-768x512.png 768w, https:\/\/ostvital.de\/wp-content\/uploads\/2025\/08\/Physiotherapie-Ubung-in-heller-Praxis.png 1536w\" sizes=\"(max-width: 1024px) 100vw, 1024px\" \/>\t\t\t\t\t\t\t\t\t\t\t\t\t\t\t<\/div>\n\t\t\t\t<\/div>\n\t\t\t\t\t<\/div>\n\t\t\t\t<\/div>\n\t\t<div class=\"elementor-element elementor-element-ea4cb53 e-flex e-con-boxed e-con e-parent\" data-id=\"ea4cb53\" data-element_type=\"container\">\n\t\t\t\t\t<div class=\"e-con-inner\">\n\t\t<div class=\"elementor-element elementor-element-e0bce34 e-con-full e-flex e-con e-child\" data-id=\"e0bce34\" data-element_type=\"container\">\n\t\t\t\t<div class=\"elementor-element elementor-element-07fb343 elementor-widget__width-initial elementor-widget elementor-widget-text-editor\" data-id=\"07fb343\" data-element_type=\"widget\" data-widget_type=\"text-editor.default\">\n\t\t\t\t\t\t\t\t\t<p><strong data-start=\"344\" data-end=\"378\">2. Spezialisierte Behandlungen<\/strong><\/p><p style=\"text-align: justify;\">Bei OstVital bieten wir hochspezialisierte Physiotherapie-Behandlungen an, die auf die individuellen Bed\u00fcrfnisse jedes Patienten zugeschnitten sind. Unser Angebot umfasst manuelle Therapie, Lymphdrainage, therapeutische Gymnastik, Elektrotherapie und die Bobath-Methode, die von einem erfahrenen, professionellen Team angewendet werden. Unser Ziel ist es, wirksame L\u00f6sungen bereitzustellen, die die Genesung f\u00f6rdern und zuk\u00fcnftigen Verletzungen vorbeugen.<\/p>\t\t\t\t\t\t\t\t<\/div>\n\t\t\t\t<\/div>\n\t\t<div class=\"elementor-element elementor-element-decd357 e-con-full e-flex e-con e-child\" data-id=\"decd357\" data-element_type=\"container\">\n\t\t\t\t<div class=\"elementor-element elementor-element-b0d6071 elementor-widget elementor-widget-image\" data-id=\"b0d6071\" data-element_type=\"widget\" data-widget_type=\"image.default\">\n\t\t\t\t\t\t\t\t\t\t\t\t\t\t\t<img decoding=\"async\" width=\"1024\" height=\"683\" src=\"https:\/\/ostvital.de\/wp-content\/uploads\/2025\/08\/Physiotherapie-in-moderner-Klinik-1024x683.png\" class=\"attachment-large size-large wp-image-227\" alt=\"\" srcset=\"https:\/\/ostvital.de\/wp-content\/uploads\/2025\/08\/Physiotherapie-in-moderner-Klinik-1024x683.png 1024w, https:\/\/ostvital.de\/wp-content\/uploads\/2025\/08\/Physiotherapie-in-moderner-Klinik-300x200.png 300w, https:\/\/ostvital.de\/wp-content\/uploads\/2025\/08\/Physiotherapie-in-moderner-Klinik-768x512.png 768w, https:\/\/ostvital.de\/wp-content\/uploads\/2025\/08\/Physiotherapie-in-moderner-Klinik.png 1536w\" sizes=\"(max-width: 1024px) 100vw, 1024px\" \/>\t\t\t\t\t\t\t\t\t\t\t\t\t\t\t<\/div>\n\t\t\t\t<\/div>\n\t\t\t\t\t<\/div>\n\t\t\t\t<\/div>\n\t\t<div class=\"elementor-element elementor-element-f58c2ff e-flex e-con-boxed e-con e-parent\" data-id=\"f58c2ff\" data-element_type=\"container\">\n\t\t\t\t\t<div class=\"e-con-inner\">\n\t\t<div class=\"elementor-element elementor-element-ff8a331 e-con-full e-flex e-con e-child\" data-id=\"ff8a331\" data-element_type=\"container\">\n\t\t\t\t<div class=\"elementor-element elementor-element-b99a730 elementor-widget__width-initial elementor-widget elementor-widget-text-editor\" data-id=\"b99a730\" data-element_type=\"widget\" data-widget_type=\"text-editor.default\">\n\t\t\t\t\t\t\t\t\t<p><strong data-start=\"560\" data-end=\"589\">3. Aktivit\u00e4ten f\u00fcr alle<\/strong><\/p><p style=\"text-align: justify;\">Wir m\u00f6chten, dass Gesundheit auch mit Freude und Bewegung erlebt wird. Deshalb bietet OstVital Aktivit\u00e4ten f\u00fcr alle Altersgruppen und Leistungsniveaus an: Yoga, Pilates, Tischtennis und Tanzkurse wie Salsa, Bachata, Kizomba und Zumba, unter anderem. Diese Angebote bieten Raum zum Trainieren, Kontakte kn\u00fcpfen und Spa\u00df haben, wobei k\u00f6rperliche Gesundheit und Wohlbefinden auf eine unterhaltsame und inklusive Weise gef\u00f6rdert werden.<\/p>\t\t\t\t\t\t\t\t<\/div>\n\t\t\t\t<\/div>\n\t\t<div class=\"elementor-element elementor-element-06edba0 e-con-full e-flex e-con e-child\" data-id=\"06edba0\" data-element_type=\"container\">\n\t\t\t\t<div class=\"elementor-element elementor-element-bf6be29 elementor-widget elementor-widget-image\" data-id=\"bf6be29\" data-element_type=\"widget\" data-widget_type=\"image.default\">\n\t\t\t\t\t\t\t\t\t\t\t\t\t\t\t<img decoding=\"async\" width=\"1024\" height=\"683\" src=\"https:\/\/ostvital.de\/wp-content\/uploads\/2025\/08\/Aktivitatenvielfalt-im-Fitnessstudio-1024x683.png\" class=\"attachment-large size-large wp-image-226\" alt=\"\" srcset=\"https:\/\/ostvital.de\/wp-content\/uploads\/2025\/08\/Aktivitatenvielfalt-im-Fitnessstudio-1024x683.png 1024w, https:\/\/ostvital.de\/wp-content\/uploads\/2025\/08\/Aktivitatenvielfalt-im-Fitnessstudio-300x200.png 300w, https:\/\/ostvital.de\/wp-content\/uploads\/2025\/08\/Aktivitatenvielfalt-im-Fitnessstudio-768x512.png 768w, https:\/\/ostvital.de\/wp-content\/uploads\/2025\/08\/Aktivitatenvielfalt-im-Fitnessstudio.png 1536w\" sizes=\"(max-width: 1024px) 100vw, 1024px\" \/>\t\t\t\t\t\t\t\t\t\t\t\t\t\t\t<\/div>\n\t\t\t\t<\/div>\n\t\t\t\t\t<\/div>\n\t\t\t\t<\/div>\n\t\t<div class=\"elementor-element elementor-element-30731f3 e-flex e-con-boxed e-con e-parent\" data-id=\"30731f3\" data-element_type=\"container\">\n\t\t\t\t\t<div class=\"e-con-inner\">\n\t\t<div class=\"elementor-element elementor-element-d951fe7 e-con-full e-flex e-con e-child\" data-id=\"d951fe7\" data-element_type=\"container\">\n\t\t\t\t<div class=\"elementor-element elementor-element-6cb57b3 elementor-widget__width-initial elementor-widget elementor-widget-text-editor\" data-id=\"6cb57b3\" data-element_type=\"widget\" data-widget_type=\"text-editor.default\">\n\t\t\t\t\t\t\t\t\t<p><strong data-start=\"751\" data-end=\"791\">4. Inklusive und multikulturelle Umgebung<\/strong><\/p><p style=\"text-align: justify;\">Bei OstVital hei\u00dfen wir Menschen jeden Alters, jeder Herkunft und jeder k\u00f6rperlichen Verfassung willkommen. Wir bieten individuelle Betreuung auf Deutsch, Spanisch, Englisch und Portugiesisch, damit sich jeder Patient in seiner Sprache verst\u00e4ndigen und verstanden f\u00fchlen kann. Unser Zentrum ist ein Ort des Miteinanders und Respekts, an dem sich jede Person willkommen und wertgesch\u00e4tzt f\u00fchlt.<\/p>\t\t\t\t\t\t\t\t<\/div>\n\t\t\t\t<\/div>\n\t\t<div class=\"elementor-element elementor-element-7f765e1 e-con-full e-flex e-con e-child\" data-id=\"7f765e1\" data-element_type=\"container\">\n\t\t\t\t<div class=\"elementor-element elementor-element-5c75327 elementor-widget__width-initial elementor-widget elementor-widget-image\" data-id=\"5c75327\" data-element_type=\"widget\" data-widget_type=\"image.default\">\n\t\t\t\t\t\t\t\t\t\t\t\t\t\t\t<img loading=\"lazy\" decoding=\"async\" width=\"1024\" height=\"683\" src=\"https:\/\/ostvital.de\/wp-content\/uploads\/2025\/08\/Rehabilitation-mit-Fursorge-und-Vielfalt-1024x683.png\" class=\"attachment-large size-large wp-image-229\" alt=\"\" srcset=\"https:\/\/ostvital.de\/wp-content\/uploads\/2025\/08\/Rehabilitation-mit-Fursorge-und-Vielfalt-1024x683.png 1024w, https:\/\/ostvital.de\/wp-content\/uploads\/2025\/08\/Rehabilitation-mit-Fursorge-und-Vielfalt-300x200.png 300w, https:\/\/ostvital.de\/wp-content\/uploads\/2025\/08\/Rehabilitation-mit-Fursorge-und-Vielfalt-768x512.png 768w, https:\/\/ostvital.de\/wp-content\/uploads\/2025\/08\/Rehabilitation-mit-Fursorge-und-Vielfalt.png 1536w\" sizes=\"(max-width: 1024px) 100vw, 1024px\" \/>\t\t\t\t\t\t\t\t\t\t\t\t\t\t\t<\/div>\n\t\t\t\t<\/div>\n\t\t\t\t\t<\/div>\n\t\t\t\t<\/div>\n\t\t<div class=\"elementor-element elementor-element-5715adc e-flex e-con-boxed e-con e-parent\" data-id=\"5715adc\" data-element_type=\"container\">\n\t\t\t\t\t<div class=\"e-con-inner\">\n\t\t<div class=\"elementor-element elementor-element-8c497b2 e-con-full e-flex e-con e-child\" data-id=\"8c497b2\" data-element_type=\"container\">\n\t\t\t\t<div class=\"elementor-element elementor-element-c27916c elementor-widget__width-initial elementor-widget elementor-widget-text-editor\" data-id=\"c27916c\" data-element_type=\"widget\" data-widget_type=\"text-editor.default\">\n\t\t\t\t\t\t\t\t\t<p><strong data-start=\"927\" data-end=\"961\">5. Engagierte Fachkr\u00e4fte<\/strong><\/p><p style=\"text-align: justify;\">Unser Team bei OstVital besteht aus Fachkr\u00e4ften, die leidenschaftlich am Wohlbefinden der Menschen arbeiten. Wir begleiten jeden Patienten in allen Phasen seines Genesungs- und St\u00e4rkungsprozesses und bieten dabei N\u00e4he, Vertrauen und kontinuierliche Motivation. Wir glauben an einen menschlichen Umgang, der jede Person dazu inspiriert, ihr maximales k\u00f6rperliches und emotionales Potenzial zu erreichen.<\/p>\t\t\t\t\t\t\t\t<\/div>\n\t\t\t\t<\/div>\n\t\t<div class=\"elementor-element elementor-element-3d860c9 e-con-full e-flex e-con e-child\" data-id=\"3d860c9\" data-element_type=\"container\">\n\t\t\t\t<div class=\"elementor-element elementor-element-4ae8cd9 elementor-widget__width-initial elementor-widget elementor-widget-image\" data-id=\"4ae8cd9\" data-element_type=\"widget\" data-widget_type=\"image.default\">\n\t\t\t\t\t\t\t\t\t\t\t\t\t\t\t<img loading=\"lazy\" decoding=\"async\" width=\"1024\" height=\"683\" src=\"https:\/\/ostvital.de\/wp-content\/uploads\/2025\/08\/Rehabilitation-mit-interaktiver-Therapiehilfe-1024x683.png\" class=\"attachment-large size-large wp-image-230\" alt=\"\" srcset=\"https:\/\/ostvital.de\/wp-content\/uploads\/2025\/08\/Rehabilitation-mit-interaktiver-Therapiehilfe-1024x683.png 1024w, https:\/\/ostvital.de\/wp-content\/uploads\/2025\/08\/Rehabilitation-mit-interaktiver-Therapiehilfe-300x200.png 300w, https:\/\/ostvital.de\/wp-content\/uploads\/2025\/08\/Rehabilitation-mit-interaktiver-Therapiehilfe-768x512.png 768w, https:\/\/ostvital.de\/wp-content\/uploads\/2025\/08\/Rehabilitation-mit-interaktiver-Therapiehilfe.png 1536w\" sizes=\"(max-width: 1024px) 100vw, 1024px\" \/>\t\t\t\t\t\t\t\t\t\t\t\t\t\t\t<\/div>\n\t\t\t\t<\/div>\n\t\t\t\t\t<\/div>\n\t\t\t\t<\/div>\n\t\t<div class=\"elementor-element elementor-element-78cb0b9 e-flex e-con-boxed e-con e-parent\" data-id=\"78cb0b9\" data-element_type=\"container\">\n\t\t\t\t\t<div class=\"e-con-inner\">\n\t\t\t\t<div class=\"elementor-element elementor-element-cf1d812 elementor-widget-divider--view-line elementor-widget elementor-widget-divider\" data-id=\"cf1d812\" data-element_type=\"widget\" data-widget_type=\"divider.default\">\n\t\t\t\t\t\t\t<div class=\"elementor-divider\">\n\t\t\t<span class=\"elementor-divider-separator\">\n\t\t\t\t\t\t<\/span>\n\t\t<\/div>\n\t\t\t\t\t\t<\/div>\n\t\t\t\t\t<\/div>\n\t\t\t\t<\/div>\n\t\t<div class=\"elementor-element elementor-element-c31235b e-flex e-con-boxed e-con e-parent\" data-id=\"c31235b\" data-element_type=\"container\">\n\t\t\t\t\t<div class=\"e-con-inner\">\n\t\t\t\t<div class=\"elementor-element elementor-element-9417d37 elementor-align-center elementor-widget elementor-widget-button\" data-id=\"9417d37\" data-element_type=\"widget\" data-widget_type=\"button.default\">\n\t\t\t\t\t\t\t\t\t\t<a class=\"elementor-button elementor-button-link elementor-size-sm\" href=\"https:\/\/wa.me\/send?phone=4915563694165&amp;text=holaagenda&amp;20tu&amp;20cita\">\n\t\t\t\t\t\t<span class=\"elementor-button-content-wrapper\">\n\t\t\t\t\t\t\t\t\t<span class=\"elementor-button-text\">Vereinbare jetzt deinen Termin \u00fcber WhatsApp<\/span>\n\t\t\t\t\t<\/span>\n\t\t\t\t\t<\/a>\n\t\t\t\t\t\t\t\t<\/div>\n\t\t\t\t\t<\/div>\n\t\t\t\t<\/div>\n\t\t\t\t<\/div>","protected":false},"excerpt":{"rendered":"<p>Lo que nos hace diferentes 1. Enfoque integral En OstVital creemos que la salud se construye de forma global. Por eso, combinamos tratamientos de fisioterapia con actividades f\u00edsicas y recreativas, logrando un cuidado completo que no solo alivia dolencias, sino que tambi\u00e9n mejora la fuerza, la movilidad y el bienestar general. Nuestro enfoque integral garantiza&#8230;<\/p>","protected":false},"author":1,"featured_media":0,"parent":0,"menu_order":0,"comment_status":"closed","ping_status":"closed","template":"","meta":{"_kadence_starter_templates_imported_post":false,"_kad_post_transparent":"","_kad_post_title":"hide","_kad_post_layout":"fullwidth","_kad_post_sidebar_id":"","_kad_post_content_style":"unboxed","_kad_post_vertical_padding":"hide","_kad_post_feature":"hide","_kad_post_feature_position":"","_kad_post_header":false,"_kad_post_footer":false,"_joinchat":[],"footnotes":""},"class_list":["post-218","page","type-page","status-publish","hentry"],"_links":{"self":[{"href":"https:\/\/ostvital.de\/de\/wp-json\/wp\/v2\/pages\/218","targetHints":{"allow":["GET"]}}],"collection":[{"href":"https:\/\/ostvital.de\/de\/wp-json\/wp\/v2\/pages"}],"about":[{"href":"https:\/\/ostvital.de\/de\/wp-json\/wp\/v2\/types\/page"}],"author":[{"embeddable":true,"href":"https:\/\/ostvital.de\/de\/wp-json\/wp\/v2\/users\/1"}],"replies":[{"embeddable":true,"href":"https:\/\/ostvital.de\/de\/wp-json\/wp\/v2\/comments?post=218"}],"version-history":[{"count":35,"href":"https:\/\/ostvital.de\/de\/wp-json\/wp\/v2\/pages\/218\/revisions"}],"predecessor-version":[{"id":275,"href":"https:\/\/ostvital.de\/de\/wp-json\/wp\/v2\/pages\/218\/revisions\/275"}],"wp:attachment":[{"href":"https:\/\/ostvital.de\/de\/wp-json\/wp\/v2\/media?parent=218"}],"curies":[{"name":"wp","href":"https:\/\/api.w.org\/{rel}","templated":true}]}}